{"id":46,"date":"2020-08-30T10:13:39","date_gmt":"2020-08-30T10:13:39","guid":{"rendered":"https:\/\/church.webdevproject.site\/?page_id=46"},"modified":"2024-02-05T19:35:52","modified_gmt":"2024-02-05T19:35:52","slug":"sfintele-slujbe","status":"publish","type":"page","link":"http:\/\/sfdimitrie.org\/en\/sfintele-slujbe\/","title":{"rendered":"Services"},"content":{"rendered":"<div data-elementor-type=\"wp-page\" data-elementor-id=\"46\" class=\"elementor elementor-46\" data-elementor-post-type=\"page\">\n\t\t\t\t\t\t<section class=\"elementor-section elementor-top-section elementor-element elementor-element-46ef1e8 elementor-section-full_width elementor-section-height-default elementor-section-height-default\" data-id=\"46ef1e8\" data-element_type=\"section\" data-settings=\"{&quot;background_background&quot;:&quot;classic&quot;}\">\n\t\t\t\t\t\t\t<div class=\"elementor-background-overlay\"><\/div>\n\t\t\t\t\t\t\t<div class=\"elementor-container elementor-column-gap-no\">\n\t\t\t\t\t<div class=\"elementor-column elementor-col-66 elementor-top-column elementor-element elementor-element-eaae8a9\" data-id=\"eaae8a9\" data-element_type=\"column\" data-settings=\"{&quot;background_background&quot;:&quot;classic&quot;}\">\n\t\t\t<div class=\"elementor-widget-wrap elementor-element-populated\">\n\t\t\t\t\t\t<div class=\"elementor-element elementor-element-6e8ead8 elementor-widget__width-initial elementor-absolute elementor-hidden-tablet elementor-hidden-phone elementor-widget elementor-widget-image\" data-id=\"6e8ead8\" data-element_type=\"widget\" data-settings=\"{&quot;_position&quot;:&quot;absolute&quot;}\" data-widget_type=\"image.default\">\n\t\t\t\t<div class=\"elementor-widget-container\">\n\t\t\t\t\t\t\t\t\t\t\t\t\t\t\t<img decoding=\"async\" width=\"133\" height=\"360\" src=\"https:\/\/sfdimitrie.org\/wp-content\/uploads\/2020\/09\/Saint_Mary-removebg-preview-e1601402286776.png\" class=\"attachment-full size-full wp-image-550\" alt=\"\" \/>\t\t\t\t\t\t\t\t\t\t\t\t\t\t\t<\/div>\n\t\t\t\t<\/div>\n\t\t\t\t<div class=\"elementor-element elementor-element-ee14ba1 elementor-widget elementor-widget-heading\" data-id=\"ee14ba1\" data-element_type=\"widget\" data-widget_type=\"heading.default\">\n\t\t\t\t<div class=\"elementor-widget-container\">\n\t\t\t\t\t<h4 class=\"elementor-heading-title elementor-size-default\">Services<\/h4>\t\t\t\t<\/div>\n\t\t\t\t<\/div>\n\t\t\t\t<div class=\"elementor-element elementor-element-fad7293 elementor-widget elementor-widget-text-editor\" data-id=\"fad7293\" data-element_type=\"widget\" data-widget_type=\"text-editor.default\">\n\t\t\t\t<div class=\"elementor-widget-container\">\n\t\t\t\t\t\t\t\t\t<h4>Slujbe regulate:<\/h4><p class=\"translation-block\">The services take place at our location:<\/br>\nSaint Dimitrie the New Church<\/br>\n6060 Puritan Lane<\/br>\nFrederick, CO<\/br>\n80516<\/br><\/br>\nEvery Sunday morning at 9:00 AM Matins and Holy Liturgy at 10:00 AM. These are celebrated in Romanian and partial in English with responses by our choir under the direction of dr. Patricia Br\u0103tulescu.<\/br><\/br>\nOn the holidays that are during the week and are marked with red in the calendar from Vatra, we are celebrating the Divine Liturgy from 10:00 a.m. The exceptions will be announced.\n<\/br><\/br>\nThe Parish Council suggests the following donations for different services. This donation dose not includes the priest and cantor honorarium which is totally on benevolence.<\/br>\n- Baptism - $300<br>\n- Wedding - $400<br>\n- Memorial service (Parastas) - $100<br>\n- Blessing of the house (Sfe\u0219tanie) - $150<br>\n- Funeral service (\u00cenmorm\u00e2ntare)- $200<br>\n<b>Note<\/b>: No service will be refused on financial matter.\n<br><br>\n<b>Information needed on weddings:<\/b><\/br>\nFirst, Middle and Last Names of the Groom<\/br>\nFirst, Middle and Last Names of the Bride<\/br>\nFirst and Last Names of the Witnesses (godfathers \/ na\u0219ii \u00e2\u20ac\u201c have to be orthodox christians and to be married in the Orthodox Church)<\/br>\nYour address (applicants)<\/br>\nPhone Numbers: Home \/ Cell<\/br>\nAre you a member of our church? Yes \/ No \/ If not, do you want to become a member? Yes \/ No<\/br>\nHas the groom been married before? No \/ Yes \/ Divorced \/ Widowed<\/br>\nHas the bride been married before? No \/ Yes \/ Divorced \/ Widowed<\/br><br>\n<b>Necessary things for Baptism:<\/b><\/br>\nOne decorated candle for the Godparents.<\/br>\nOne small bottle of oil (preferable olive oil).<\/br>\nOne big white towel (for the baby\/catechumen).<\/br>\nOne small white towel (for the priest).<\/br>\n<\/br>\nThe complete name of the baby\/catechumen: __________________________________________________<\/br>\nThe name of the parents: ______________________________________<\/br>\nBirth date of the child: ____________________ <\/br>The place of birth: _______________________<\/br>\nThe name of the Godparents (must be Orthodox):______________________________________________<\/br>\nYour address (parents or catechumen): __________________________________________________________<\/br>\nPhone number: (_____)_________________<\/br>\nDay and time required for the baptism: _________________________________<\/br>\nAre you a member of our church? Yes o No o<\/br>\nIf not, do you want to become a member? Yes o No o<\/br>\n<\/br>\nAfter the Baptism the clothes of the new baptized has to be white (symbolize the purity of their soul).<\/br>\nAny specific tradition regarding the baptism can be discussed with the priest.<\/p><p class=\"translation-block\">De asemenea savarsim slujba Sfantului Maslu, cu precadere in posturile de peste an. Cateva explicatii despre aceasta sfanta slujba deosebit de folositoare pentru noi toti gasiti <a href=\"http:\/\/www.sfdimitrie.org\/ro\/sfintele_slujbe.html#maslu\" target=\"_self\">aici<\/a>.<\/p><h4>Slujbe speciale:<\/h4><p>&#8211; Botez: $300<br \/>&#8211; Cununie: $400<br \/>&#8211; Parastas: $100<br \/>&#8211; Sfestanie (slujba de sfintire a casei): $150<br \/>&#8211; Inmormantare: $200<\/p><p class=\"translation-block\">Aceste sume sunt pentru biserica (nu sunt onorariul preotului sau al cantorului), astfel acest check trebuie scris pe numele bisericii, St. Dimitrie the New, si trebuie dat in prealabil epitropilor sau trimis prin posta la adresa bisericii, 6060 Puritan Lane, Frederick, CO 80516.<br>Membrii bisericii cu o vechime de minim sase luni, beneficiaza de orice serviciu religios gratuit.<br><b>Nota importanta: <\/b>Nimeni nu va fi refuzat daca nu are posibilitatea de a dona sumele sugerate!<\/p><p class=\"translation-block\"><b><i>Botez<\/i><\/b><br>Lucruri necesare pentru Taina Sfantului Botez:<br>\u2013 o lumanare alba frumos impodobita (pentru nasi)<br>\u2013 o sticla mica cu ulei curat (preferabil de masline)<br>\u2013 un prosop mare alb<br>\u2013 un prosop mic alb (pentru preot)<br>\u2013 un sapun (pentru preot \u2013 daca este in traditia celor ce boteaza)<br>\u2013 o panglica alba lata de aproximativ 2 inches si lunga de aproximativ 3-4 ft (max. 7 ft)<br>\u2013 o cruciulita mica (daca este in traditia celor ce boteaza)<\/p><p class=\"translation-block\">Date pentru certificatul de botez:<br>Nume complet al celui care se boteaza: __________________________________________________<br>Numele parintilor: ______________________________________<br>Data nasterii: ____________________ Locul nasterii: _______________________<br>Numele nasilor (trebuie sa fie de religie ortodoxa):______________________________________________<br>Adresa celui care se boteaza: __________________________________________________________<br>Numar telefon (parinti \/ cel care se boteaza): (_____)_________________<br>Ziua si ora propusa pentru botez: _________________________________<br>Sunteti membru al bisericii noastre? Da o Nu o<br>Daca nu, vreti sa deveniti membru? Da o Nu o<br>Hainele celui nou botezat trebuie sa fie de culoare alba (simbolizeaza puritatea celui nou botezat).<\/p><p class=\"translation-block\"><b>Note:<\/b> Nasii ar fi bine sa se spovedeasca si Impartaseasca inainte de Botez. Donatia pentru Taina Sf. Botez este absolut benevola. Consiliul Parohial recomanda pentru biserica suma de $250 daca parintii NU sunt membrii ai bisericii noastre. Check-ul va rugam sa-l scrieti pe numele bisericii, Saint Dimitrie the New, si sa-l trimiteti la adresa: 6060 Puritan Lane, Frederick, CO 80516. Aceasta donatie nu include onorariul preotului si a cantorului, care este partea nasilor. Multumim.<\/p><p><b>Nicio slujba nu va fi refuzata pe motive financiare!<\/b><\/p><p><b><i>Cununie\u00a0<\/i><\/b><\/p><p>Lucruri necesare pentru Taina Sfintei Cununii:<br \/>\u2013 mirii s\u0103 fie boteza\u021bi ortodoc\u0219i (\u00een cazuri excep\u021bionale cel pu\u021bin unul dintre miri \u2013 cu dispens\u0103 scris\u0103 de la ierarh)<br \/>\u2013 na\u0219i ortodoc\u0219i c\u0103s\u0103tori\u021bi<br \/>\u2013 dou\u0103 lum\u00e2n\u0103ri albe mari<br \/>\u2013 inelele de logodn\u0103<br \/>\u2013 o sticlu\u021b\u0103 mic\u0103 cu vin ro\u0219u \u2013 se poate aduce \u0219i un pahar frumos, cu picior, din care vor bea mirii<br \/>\u2013 pi\u0219coturi (dac\u0103 este in tradi\u021bia mirilor)<br \/>\u2013 o panglic\u0103 alb\u0103 lata de aproximativ 2 inches \u0219i lung\u0103 de aproximativ 7 ft<\/p><p>De asemenea viitorii miri vor trebui sa furnizeze urm\u0103toarele informa\u021bii:<br \/>\u2013 Prenume, Nume mijlociu, Numele mirelui<br \/>\u2013 Prenume, Nume mijlociu, Numele miresei<br \/>\u2013 Prenume, Nume mijlociu, Numele na\u0219ilor (na\u0219ii trebuie sa fie cre\u0219tini ortodoc\u0219i si c\u0103s\u0103tori\u021bi \u00een Biserica Ortodoxa).<br \/>\u2013 Adresa unde locuiesc mirii<br \/>\u2013 Numerele de telefon al mirilor<br \/>\u2013 Sunte\u021bi membri ai bisericii noastre? DA \/ NU ; Dac\u0103 NU, dori\u021bi sa deveni\u021bi membru?<br \/>\u2013 A mai fost mirele c\u0103s\u0103torit \u00eenainte? DA \/ NU \/ Divor\u021bat \/ V\u0103duv<br \/>\u2013 A mai fost mireasa c\u0103s\u0103torit\u0103 \u00eenainte? DA \/ NU \/ Divor\u021bat\u0103 \/ V\u0103duv\u0103<\/p><p>Daca nu a\u021bi fost membri ai bisericii noastre \u00een ultimele \u0219ase luni, Consiliul Parohial recomand\u0103 o dona\u021bie de $350. Aceast\u0103 dona\u021bie nu include onorariul preotului \u0219i al cantorului care sunt l\u0103sate la aprecierea dumneavoastr\u0103.<\/p><p>NOTA: nicio slujb\u0103 nu va fi refuzat\u0103 pe motive financiare.<\/p><p>Nu se fac nun\u021bi:<br \/>\u2013 \u00een toate posturile \u0219i zilele de post de peste an<br \/>\u2013 \u00een preziua \u0219i i\u00ee ziua celor 12 praznice mari (\u00eemp\u0103r\u0103te\u0219ti)<br \/>\u2013 \u00een s\u0103pt\u0103m\u00e2na br\u00e2nzei<br \/>\u2013 \u00een s\u0103pt\u0103m\u00e2na luminat\u0103;<br \/>\u2013 De la Na\u0219terea Domnului pana la Botezul Domnului (adic\u0103 de la 25 decembrie \u0219i pan\u0103 la 6 ianuarie)<\/p><p class=\"yiv8335734072MsoPlainText\"><b><i>Parastas<\/i><\/b><\/p><p>Lucruri necesare pentru Parastas:<br \/>&#8211; o coliva<br \/>&#8211; un colac sau paine<br \/>&#8211; o sticla cu vin<br \/>&#8211; lumanari<br \/>&#8211; pomelnic cu numele celor pomeniti la respectivul parastas<\/p><p class=\"translation-block\">In memoria celor adormiti, se pot imparti la biserica mancare, haine sau alte obiecte. Va rugam doar sa cereti in prealabil binecuvantarea preotului.<br>Daca parastasul se face in timpul postului, mancarea trebuie sa fie de post.<\/p><p class=\"translation-block\"><b>Nu se fac parastase:<\/b><br>\u2013 In toate duminicile de peste an (decat cu binecuvantarea ierarhului)<br>\u2013 La Praznicele Imparatesti (la Inaltarea Domnului se va savarsi doar pomenirea speciala a eroilor)<br>\u2013 In zilele de rand (luni-vineri) ale Postului Mare<br>\u2013 In zilele aliturgice<br>\u2013 In perioada de la Duminica Floriilor pana la Duminica Sfantului Apostol Toma (12 \u2013 26 aprilie)<br>\u2013 In perioada de la Craciun pana la Boboteaza (25 decembrie \u2013 6 ianuarie)<\/p><p class=\"translation-block\"><b><i>Sfestanie<\/i><\/b><br>Lucruri necesare pentru Sfestanie:<br>\u2013 Un vas cu apa curata<br>\u2013 O icoana, de preferat a Maicii Domnului sau a lui Iisus Hristos<br>\u2013 O lumanare<br>\u2013 Busuioc, doar daca va este obiceiul locului de unde veniti<\/p><p class=\"translation-block\"><b><i>Inmormantare<\/i><\/b><br>Lucruri necesare pentru Inmormantare:<br>\u2013 O sticluta mica de ulei (preferabil de masline)<br>\u2013 O sticluta de vin (preferabil rosu)<br>\u2013 Pomana cu coliva, vin si colac. Cornulete se vor pregati numai daca va este in obiceiul locului de unde veniti. In unele zone din Romania se face \u201emar\u201d. Daca faceti \u201emar\u201d, va rog sa anuntati preotul din timp<br>\u2013 Parastasul Mic se face la 9 zile sau in duminica urmatoare inmormantarii<br>\u2013 Pomana Mare se face la 40 de zile, cand se impart si hainele binecuvatate<br>\u2013 Pentru Parastasul de un an va rugam sa contactati preotul din timp, prin email: <a href=\"mailto:prbogdan@sfdimitrie.org\" target=\"_self\"> prbogdan@sfdimitrie.org<\/a>, sau telefon: 303 460-7035<\/p><p class=\"translation-block\"><i>Sfantul Maslu<\/i><br>Lucruri necesare pentru Taina Sfantului Maslu:<br>\u2013 o punga mica cu faina de grau, in care se va aprinde o lumanare<br>\u2013 o sticla cu ulei<\/p><p>Faina si uleiul vor fi binecuvantate si le puteti folosi la prepararea mancarurilor, in special pentru cineva care este bolnav.<\/p><p class=\"translation-block\">\u2013 haine de corp (de exemplu: maiou, camasa sau tricou) pentru cei ai casei<br>\u2013 Un pomelnic cu numele de botez (doar) a celor vii si ofranda dumneavostra<\/p><p>Sfantul Maslu este Taina instituita de insusi Mantuitorul (Marcu 16, 17-18) care, prin rugaciunile preotilor si prin ungerea trupului cu untdelemn sfintit, se impartaseste credinciosului harul lui Dumnezeu pentru tamaduirea bolilor trupesti si sufletesti, pentru iertarea pacatelor si pentru intarirea sufletului.<\/p>\t\t\t\t\t\t\t\t<\/div>\n\t\t\t\t<\/div>\n\t\t\t\t<div class=\"elementor-element elementor-element-47f4878 elementor-widget__width-initial elementor-absolute elementor-hidden-tablet elementor-hidden-phone elementor-view-default elementor-position-top elementor-mobile-position-top elementor-widget elementor-widget-icon-box\" data-id=\"47f4878\" data-element_type=\"widget\" data-settings=\"{&quot;_position&quot;:&quot;absolute&quot;}\" data-widget_type=\"icon-box.default\">\n\t\t\t\t<div class=\"elementor-widget-container\">\n\t\t\t\t\t\t\t<div class=\"elementor-icon-box-wrapper\">\n\n\t\t\t\t\t\t<div class=\"elementor-icon-box-icon\">\n\t\t\t\t<a href=\"http:\/\/sfdimitrie.org\/en\/donatii\/\" class=\"elementor-icon\" tabindex=\"-1\" aria-label=\"Get Involved\">\n\t\t\t\t<i aria-hidden=\"true\" class=\"fas fa-hand-holding-heart\"><\/i>\t\t\t\t<\/a>\n\t\t\t<\/div>\n\t\t\t\n\t\t\t\t\t\t<div class=\"elementor-icon-box-content\">\n\n\t\t\t\t\t\t\t\t\t<h3 class=\"elementor-icon-box-title\">\n\t\t\t\t\t\t<a href=\"http:\/\/sfdimitrie.org\/en\/donatii\/\" >\n\t\t\t\t\t\t\tGet Involved\t\t\t\t\t\t<\/a>\n\t\t\t\t\t<\/h3>\n\t\t\t\t\n\t\t\t\t\n\t\t\t<\/div>\n\t\t\t\n\t\t<\/div>\n\t\t\t\t\t\t<\/div>\n\t\t\t\t<\/div>\n\t\t\t\t\t<\/div>\n\t\t<\/div>\n\t\t\t\t<div class=\"elementor-column elementor-col-33 elementor-top-column elementor-element elementor-element-b55e654\" data-id=\"b55e654\" data-element_type=\"column\" data-settings=\"{&quot;background_background&quot;:&quot;classic&quot;}\">\n\t\t\t<div class=\"elementor-widget-wrap elementor-element-populated\">\n\t\t\t\t\t\t<div class=\"elementor-element elementor-element-a329fbd elementor-widget elementor-widget-heading\" data-id=\"a329fbd\" data-element_type=\"widget\" data-widget_type=\"heading.default\">\n\t\t\t\t<div class=\"elementor-widget-container\">\n\t\t\t\t\t<h2 class=\"elementor-heading-title elementor-size-large\">Important News<\/h2>\t\t\t\t<\/div>\n\t\t\t\t<\/div>\n\t\t\t\t<div class=\"elementor-element elementor-element-b8e9880 elementor-grid-1 elementor-posts--thumbnail-left elementor-posts--align-left elementor-grid-tablet-2 elementor-grid-mobile-1 elementor-widget elementor-widget-posts\" data-id=\"b8e9880\" data-element_type=\"widget\" data-settings=\"{&quot;classic_columns&quot;:&quot;1&quot;,&quot;pagination_type&quot;:&quot;numbers_and_prev_next&quot;,&quot;classic_row_gap&quot;:{&quot;unit&quot;:&quot;px&quot;,&quot;size&quot;:50,&quot;sizes&quot;:[]},&quot;classic_columns_tablet&quot;:&quot;2&quot;,&quot;classic_columns_mobile&quot;:&quot;1&quot;,&quot;classic_row_gap_tablet&quot;:{&quot;unit&quot;:&quot;px&quot;,&quot;size&quot;:&quot;&quot;,&quot;sizes&quot;:[]},&quot;classic_row_gap_mobile&quot;:{&quot;unit&quot;:&quot;px&quot;,&quot;size&quot;:&quot;&quot;,&quot;sizes&quot;:[]}}\" data-widget_type=\"posts.classic\">\n\t\t\t\t<div class=\"elementor-widget-container\">\n\t\t\t\t\t\t\t<div class=\"elementor-posts-container elementor-posts elementor-posts--skin-classic elementor-grid\" role=\"list\">\n\t\t\t\t<article class=\"elementor-post elementor-grid-item post-1793 post type-post status-publish format-standard hentry category-stiri\" role=\"listitem\">\n\t\t\t\t<div class=\"elementor-post__text\">\n\t\t\t\t<h3 class=\"elementor-post__title\">\n\t\t\t<a href=\"http:\/\/sfdimitrie.org\/en\/formularul-de-membrie-este-disponibil-si-online\/\" >\n\t\t\t\tThe membership form is available online\t\t\t<\/a>\n\t\t<\/h3>\n\t\t\t\t<div class=\"elementor-post__meta-data\">\n\t\t\t\t\t<span class=\"elementor-post-date\">\n\t\t\tMarch 31, 2021\t\t<\/span>\n\t\t\t\t<span class=\"elementor-post-avatar\">\n\t\t\tNo Comments\t\t<\/span>\n\t\t\t\t<\/div>\n\t\t\n\t\t<a class=\"elementor-post__read-more\" href=\"http:\/\/sfdimitrie.org\/en\/formularul-de-membrie-este-disponibil-si-online\/\" aria-label=\"Read more about Formularul de membrie este disponibil si online\" tabindex=\"-1\" >\n\t\t\tRead more\t\t<\/a>\n\n\t\t\t\t<\/div>\n\t\t\t\t<\/article>\n\t\t\t\t<\/div>\n\t\t\n\t\t\t\t\t\t<\/div>\n\t\t\t\t<\/div>\n\t\t\t\t\t<\/div>\n\t\t<\/div>\n\t\t\t\t\t<\/div>\n\t\t<\/section>\n\t\t\t\t<\/div>","protected":false},"excerpt":{"rendered":"<p>Sfintele Slujbe Slujbe regulate: In fiecare duminica dimineata de la ora 10:00 savarsim Sf. Liturghie.De asemeni savarsim Sfanta Liturghie de la ora 10AM, in fiecare<\/p>","protected":false},"author":1,"featured_media":0,"parent":0,"menu_order":0,"comment_status":"closed","ping_status":"closed","template":"elementor_header_footer","meta":{"_monsterinsights_skip_tracking":false,"_monsterinsights_sitenote_active":false,"_monsterinsights_sitenote_note":"","_monsterinsights_sitenote_category":0,"footnotes":""},"class_list":["post-46","page","type-page","status-publish","hentry"],"_links":{"self":[{"href":"http:\/\/sfdimitrie.org\/en\/wp-json\/wp\/v2\/pages\/46","targetHints":{"allow":["GET"]}}],"collection":[{"href":"http:\/\/sfdimitrie.org\/en\/wp-json\/wp\/v2\/pages"}],"about":[{"href":"http:\/\/sfdimitrie.org\/en\/wp-json\/wp\/v2\/types\/page"}],"author":[{"embeddable":true,"href":"http:\/\/sfdimitrie.org\/en\/wp-json\/wp\/v2\/users\/1"}],"replies":[{"embeddable":true,"href":"http:\/\/sfdimitrie.org\/en\/wp-json\/wp\/v2\/comments?post=46"}],"version-history":[{"count":15,"href":"http:\/\/sfdimitrie.org\/en\/wp-json\/wp\/v2\/pages\/46\/revisions"}],"predecessor-version":[{"id":2151,"href":"http:\/\/sfdimitrie.org\/en\/wp-json\/wp\/v2\/pages\/46\/revisions\/2151"}],"wp:attachment":[{"href":"http:\/\/sfdimitrie.org\/en\/wp-json\/wp\/v2\/media?parent=46"}],"curies":[{"name":"wp","href":"https:\/\/api.w.org\/{rel}","templated":true}]}}