{"id":52,"date":"2020-08-30T10:14:29","date_gmt":"2020-08-30T10:14:29","guid":{"rendered":"https:\/\/church.webdevproject.site\/?page_id=52"},"modified":"2025-12-24T21:30:31","modified_gmt":"2025-12-24T21:30:31","slug":"donatii","status":"publish","type":"page","link":"http:\/\/sfdimitrie.org\/en\/donatii\/","title":{"rendered":"Donations"},"content":{"rendered":"<div data-elementor-type=\"wp-page\" data-elementor-id=\"52\" class=\"elementor elementor-52\" data-elementor-post-type=\"page\">\n\t\t\t\t\t\t<section class=\"elementor-section elementor-top-section elementor-element elementor-element-63436e7 elementor-section-full_width elementor-section-height-default elementor-section-height-default\" data-id=\"63436e7\" data-element_type=\"section\" data-settings=\"{&quot;background_background&quot;:&quot;classic&quot;}\">\n\t\t\t\t\t\t\t<div class=\"elementor-background-overlay\"><\/div>\n\t\t\t\t\t\t\t<div class=\"elementor-container elementor-column-gap-no\">\n\t\t\t\t\t<div class=\"elementor-column elementor-col-66 elementor-top-column elementor-element elementor-element-ae7b53f\" data-id=\"ae7b53f\" data-element_type=\"column\" data-settings=\"{&quot;background_background&quot;:&quot;classic&quot;}\">\n\t\t\t<div class=\"elementor-widget-wrap elementor-element-populated\">\n\t\t\t\t\t\t<div class=\"elementor-element elementor-element-d75dce3 elementor-widget__width-initial elementor-absolute elementor-hidden-tablet elementor-hidden-phone elementor-widget elementor-widget-image\" data-id=\"d75dce3\" data-element_type=\"widget\" data-settings=\"{&quot;_position&quot;:&quot;absolute&quot;}\" data-widget_type=\"image.default\">\n\t\t\t\t<div class=\"elementor-widget-container\">\n\t\t\t\t\t\t\t\t\t\t\t\t\t\t\t<img decoding=\"async\" width=\"133\" height=\"360\" src=\"http:\/\/sfdimitrie.org\/wp-content\/uploads\/2020\/09\/Saint_Mary-removebg-preview-e1601402286776.png\" class=\"attachment-full size-full wp-image-550\" alt=\"\" \/>\t\t\t\t\t\t\t\t\t\t\t\t\t\t\t<\/div>\n\t\t\t\t<\/div>\n\t\t\t\t<div class=\"elementor-element elementor-element-bd31ad8 elementor-widget elementor-widget-heading\" data-id=\"bd31ad8\" data-element_type=\"widget\" data-widget_type=\"heading.default\">\n\t\t\t\t<div class=\"elementor-widget-container\">\n\t\t\t\t\t<h4 class=\"elementor-heading-title elementor-size-default\">Donations<\/h4>\t\t\t\t<\/div>\n\t\t\t\t<\/div>\n\t\t\t\t<div class=\"elementor-element elementor-element-f29485c elementor-widget elementor-widget-text-editor\" data-id=\"f29485c\" data-element_type=\"widget\" data-widget_type=\"text-editor.default\">\n\t\t\t\t<div class=\"elementor-widget-container\">\n\t\t\t\t\t\t\t\t\tYou may find below a few options to donate to our church.\n<ol type=\"1\">\n \t<li><a href=\"#zelle\">Zelle (preferred)<\/a><\/li>\n \t<li><a href=\"#stocks\">Stocks (preferred)<\/a><\/li>\n \t<li><a href=\"#kingsoopers\">KingSoopers<\/a><\/li>\n \t<li><a href=\"#venmo\">Venmo<\/a><\/li>\n \t<li><a href=\"#checks\">Checks (inclusiv automat de la banca)<\/a><\/li>\n \t<li><a href=\"#paypal\">Paypal<\/a><\/li>\n \t<li><a href=\"#ShopWithScrip\">RaiseRight<\/a><\/li>\n<\/ol>\t\t\t\t\t\t\t\t<\/div>\n\t\t\t\t<\/div>\n\t\t\t\t<div class=\"elementor-element elementor-element-d1e3cb4 elementor-widget elementor-widget-heading\" data-id=\"d1e3cb4\" data-element_type=\"widget\" id=\"zelle\" data-widget_type=\"heading.default\">\n\t\t\t\t<div class=\"elementor-widget-container\">\n\t\t\t\t\t<h4 class=\"elementor-heading-title elementor-size-default\">Zelle<\/h4>\t\t\t\t<\/div>\n\t\t\t\t<\/div>\n\t\t\t\t<div class=\"elementor-element elementor-element-d98f065 elementor-position-left elementor-vertical-align-middle elementor-widget elementor-widget-image-box\" data-id=\"d98f065\" data-element_type=\"widget\" data-widget_type=\"image-box.default\">\n\t\t\t\t<div class=\"elementor-widget-container\">\n\t\t\t\t\t<div class=\"elementor-image-box-wrapper\"><figure class=\"elementor-image-box-img\"><a href=\"https:\/\/paypal.me\/stdimitrie?locale.x=en_US\" tabindex=\"-1\"><img fetchpriority=\"high\" decoding=\"async\" width=\"682\" height=\"751\" src=\"http:\/\/sfdimitrie.org\/wp-content\/uploads\/2025\/12\/zelle.jpg\" class=\"attachment-full size-full wp-image-2370\" alt=\"\" srcset=\"http:\/\/sfdimitrie.org\/wp-content\/uploads\/2025\/12\/zelle.jpg 682w, http:\/\/sfdimitrie.org\/wp-content\/uploads\/2025\/12\/zelle-272x300.jpg 272w, http:\/\/sfdimitrie.org\/wp-content\/uploads\/2025\/12\/zelle-11x12.jpg 11w\" sizes=\"(max-width: 682px) 100vw, 682px\" \/><\/a><\/figure><div class=\"elementor-image-box-content\"><p class=\"elementor-image-box-description\">Majoritatea bancilor ofera tranzactii cu Zelle din platformele lor online sau aplicatiile mobile.<br>\nPlease use the following email address when you try to donate via Zelle: <u>donate@sfdimitrie.org<\/u><br><br>\n<b>Note:<\/b>  Serviciul Zelle nu percepe nici o taxa bisericii. Datorita acestui fapt, metoda de donatie folosind Zelle este cea preferata de biserica noastra. \n<br>\n More details on fees when using this service:  <a href=\"https:\/\/www.zellepay.com\/\" target=\"blank\">link<\/a>.<\/p><\/div><\/div>\t\t\t\t<\/div>\n\t\t\t\t<\/div>\n\t\t\t\t<div class=\"elementor-element elementor-element-0e45a89 elementor-widget elementor-widget-heading\" data-id=\"0e45a89\" data-element_type=\"widget\" id=\"stocks\" data-widget_type=\"heading.default\">\n\t\t\t\t<div class=\"elementor-widget-container\">\n\t\t\t\t\t<h4 class=\"elementor-heading-title elementor-size-default\">Stocks<\/h4>\t\t\t\t<\/div>\n\t\t\t\t<\/div>\n\t\t\t\t<div class=\"elementor-element elementor-element-6c90c5d elementor-position-top elementor-widget elementor-widget-image-box\" data-id=\"6c90c5d\" data-element_type=\"widget\" data-widget_type=\"image-box.default\">\n\t\t\t\t<div class=\"elementor-widget-container\">\n\t\t\t\t\t<div class=\"elementor-image-box-wrapper\"><figure class=\"elementor-image-box-img\"><img decoding=\"async\" width=\"946\" height=\"954\" src=\"http:\/\/sfdimitrie.org\/wp-content\/uploads\/2023\/11\/Stocks-Donations-QR-Code.png\" class=\"attachment-full size-full wp-image-2131\" alt=\"\" srcset=\"http:\/\/sfdimitrie.org\/wp-content\/uploads\/2023\/11\/Stocks-Donations-QR-Code.png 946w, http:\/\/sfdimitrie.org\/wp-content\/uploads\/2023\/11\/Stocks-Donations-QR-Code-297x300.png 297w, http:\/\/sfdimitrie.org\/wp-content\/uploads\/2023\/11\/Stocks-Donations-QR-Code-150x150.png 150w, http:\/\/sfdimitrie.org\/wp-content\/uploads\/2023\/11\/Stocks-Donations-QR-Code-768x774.png 768w\" sizes=\"(max-width: 946px) 100vw, 946px\" \/><\/figure><div class=\"elementor-image-box-content\"><p class=\"elementor-image-box-description\">We are pleased to announce that now we have the <a href=\"https:\/\/stockdonator.com\/stock-information\/?oid=cefd7dfe\">possibility to receive stock donations<\/a>.<br>\nDonations with stocks bring major benefits to both parties: <br>\n- the church obtains the maximum value of the stocks (only 1.9% is withheld)<br>\n- the donor can avoid paying taxes on capital gains<br>\n- the donor deducts the entire current market value of the donation from the income tax<br>\n- the donor can <a href=\"https:\/\/stockdonator.com\/docs\/can-i-specify-a-certain-tax-lot-or-specific-date-of-stock-i-wish-to-donate\/\">specify a certain Lot<\/a> from which the donation is to be made (purchase date and price).<br>\nFor these and other details, please visit <a href=\"https:\/\/stockdonator.com\/\">our partner's page<\/a>.<br>\nTo start the stock donation process <a href=\"https:\/\/stockdonator.com\/stock-information\/?oid=cefd7dfe\">clicl here<\/a>.<br>\nQuestions can be sent to <a href=\"mailto:donate@sfdimitrie.org\">donate@sfdimitrie.org<\/a><br><\/p><\/div><\/div>\t\t\t\t<\/div>\n\t\t\t\t<\/div>\n\t\t\t\t<div class=\"elementor-element elementor-element-2a1a462 elementor-widget elementor-widget-heading\" data-id=\"2a1a462\" data-element_type=\"widget\" id=\"paypal\" data-widget_type=\"heading.default\">\n\t\t\t\t<div class=\"elementor-widget-container\">\n\t\t\t\t\t<h4 class=\"elementor-heading-title elementor-size-default\">Using Paypal<\/h4>\t\t\t\t<\/div>\n\t\t\t\t<\/div>\n\t\t\t\t<div class=\"elementor-element elementor-element-f12f103 elementor-position-left elementor-vertical-align-middle elementor-widget elementor-widget-image-box\" data-id=\"f12f103\" data-element_type=\"widget\" data-widget_type=\"image-box.default\">\n\t\t\t\t<div class=\"elementor-widget-container\">\n\t\t\t\t\t<div class=\"elementor-image-box-wrapper\"><figure class=\"elementor-image-box-img\"><a href=\"https:\/\/paypal.me\/stdimitrie?locale.x=en_US\" tabindex=\"-1\"><img loading=\"lazy\" decoding=\"async\" width=\"600\" height=\"660\" src=\"http:\/\/sfdimitrie.org\/wp-content\/uploads\/2020\/12\/qrcode.png\" class=\"attachment-full size-full wp-image-1668\" alt=\"\" srcset=\"http:\/\/sfdimitrie.org\/wp-content\/uploads\/2020\/12\/qrcode.png 600w, http:\/\/sfdimitrie.org\/wp-content\/uploads\/2020\/12\/qrcode-273x300.png 273w\" sizes=\"(max-width: 600px) 100vw, 600px\" \/><\/a><\/figure><div class=\"elementor-image-box-content\"><p class=\"elementor-image-box-description\"><br><br><br><br>Please use one of the following options, depending of the device you are using:<br>\n- from your computer, you may either click the image with the QR code or you may scan the QR code with your phone<br>\n- From your phone, click the image with the QR code.\n<br><br>\nThe church will be charged a 2.5% fee from your donation. If the donation is larger then $100 the fee is smaller. <\/p><\/div><\/div>\t\t\t\t<\/div>\n\t\t\t\t<\/div>\n\t\t\t\t<div class=\"elementor-element elementor-element-07f2e86 elementor-widget elementor-widget-heading\" data-id=\"07f2e86\" data-element_type=\"widget\" id=\"venmo\" data-widget_type=\"heading.default\">\n\t\t\t\t<div class=\"elementor-widget-container\">\n\t\t\t\t\t<h4 class=\"elementor-heading-title elementor-size-default\">Using Venmo<\/h4>\t\t\t\t<\/div>\n\t\t\t\t<\/div>\n\t\t\t\t<div class=\"elementor-element elementor-element-747a017 elementor-widget elementor-widget-text-editor\" data-id=\"747a017\" data-element_type=\"widget\" data-widget_type=\"text-editor.default\">\n\t\t\t\t<div class=\"elementor-widget-container\">\n\t\t\t\t\t\t\t\t\t<p>Please follow these steps:<\/p><ol><li>Download the Venmo application on your smart phone<\/li><li>Choose a payment option<\/li><li>Go to the list with friends and search for \"Sf Dimitrie Church\". After you found it, add a friend request.<\/li><li>Once your friend request was accepted you may start making payments to Sf Dimitrie Church<\/li><\/ol><p><strong>Note:<\/strong> The church will be charged a 19.% + $0.10 from your transaction.<\/p>\t\t\t\t\t\t\t\t<\/div>\n\t\t\t\t<\/div>\n\t\t\t\t<section class=\"elementor-section elementor-inner-section elementor-element elementor-element-f902392 elementor-section-content-middle elementor-section-boxed elementor-section-height-default elementor-section-height-default\" data-id=\"f902392\" data-element_type=\"section\">\n\t\t\t\t\t\t<div class=\"elementor-container elementor-column-gap-default\">\n\t\t\t\t\t<div class=\"elementor-column elementor-col-50 elementor-inner-column elementor-element elementor-element-cf9f6e5\" data-id=\"cf9f6e5\" data-element_type=\"column\">\n\t\t\t<div class=\"elementor-widget-wrap elementor-element-populated\">\n\t\t\t\t\t\t<div class=\"elementor-element elementor-element-18790ff elementor-widget elementor-widget-text-editor\" data-id=\"18790ff\" data-element_type=\"widget\" data-widget_type=\"text-editor.default\">\n\t\t\t\t<div class=\"elementor-widget-container\">\n\t\t\t\t\t\t\t\t\tOr using this QR code:\t\t\t\t\t\t\t\t<\/div>\n\t\t\t\t<\/div>\n\t\t\t\t<div class=\"elementor-element elementor-element-26a3bc1 elementor-widget elementor-widget-image\" data-id=\"26a3bc1\" data-element_type=\"widget\" data-widget_type=\"image.default\">\n\t\t\t\t<div class=\"elementor-widget-container\">\n\t\t\t\t\t\t\t\t\t\t\t\t\t\t\t\t<a href=\"https:\/\/venmo.com\/account\/sign-in\">\n\t\t\t\t\t\t\t<img loading=\"lazy\" decoding=\"async\" width=\"744\" height=\"1238\" src=\"http:\/\/sfdimitrie.org\/wp-content\/uploads\/2020\/10\/Venmo_QR-1.png\" class=\"attachment-full size-full wp-image-622\" alt=\"\" srcset=\"http:\/\/sfdimitrie.org\/wp-content\/uploads\/2020\/10\/Venmo_QR-1.png 744w, http:\/\/sfdimitrie.org\/wp-content\/uploads\/2020\/10\/Venmo_QR-1-180x300.png 180w, http:\/\/sfdimitrie.org\/wp-content\/uploads\/2020\/10\/Venmo_QR-1-615x1024.png 615w\" sizes=\"(max-width: 744px) 100vw, 744px\" \/>\t\t\t\t\t\t\t\t<\/a>\n\t\t\t\t\t\t\t\t\t\t\t\t\t\t\t<\/div>\n\t\t\t\t<\/div>\n\t\t\t\t\t<\/div>\n\t\t<\/div>\n\t\t\t\t<div class=\"elementor-column elementor-col-50 elementor-inner-column elementor-element elementor-element-68d0a0a\" data-id=\"68d0a0a\" data-element_type=\"column\">\n\t\t\t<div class=\"elementor-widget-wrap\">\n\t\t\t\t\t\t\t<\/div>\n\t\t<\/div>\n\t\t\t\t\t<\/div>\n\t\t<\/section>\n\t\t\t\t<div class=\"elementor-element elementor-element-999e1aa elementor-widget elementor-widget-heading\" data-id=\"999e1aa\" data-element_type=\"widget\" id=\"checks\" data-widget_type=\"heading.default\">\n\t\t\t\t<div class=\"elementor-widget-container\">\n\t\t\t\t\t<h4 class=\"elementor-heading-title elementor-size-default\">With checks<\/h4>\t\t\t\t<\/div>\n\t\t\t\t<\/div>\n\t\t\t\t<div class=\"elementor-element elementor-element-0d11eec elementor-widget elementor-widget-text-editor\" data-id=\"0d11eec\" data-element_type=\"widget\" data-widget_type=\"text-editor.default\">\n\t\t\t\t<div class=\"elementor-widget-container\">\n\t\t\t\t\t\t\t\t\t<p>If you prefer to send us a check, please write the check to \"Saint Dimitrie the New\".\nThe address where to send the check is:<\/p><p><em><strong>Saint Dimitrie the New<\/strong><\/em><br \/><em><strong>6060 Puritan Lane<\/strong><\/em><br \/><em><strong>Frederick, CO 80516<\/strong><\/em><\/p>\t\t\t\t\t\t\t\t<\/div>\n\t\t\t\t<\/div>\n\t\t\t\t<div class=\"elementor-element elementor-element-106d999 elementor-widget elementor-widget-heading\" data-id=\"106d999\" data-element_type=\"widget\" id=\"kingsoopers\" data-widget_type=\"heading.default\">\n\t\t\t\t<div class=\"elementor-widget-container\">\n\t\t\t\t\t<h4 class=\"elementor-heading-title elementor-size-default\">King Soopers<\/h4>\t\t\t\t<\/div>\n\t\t\t\t<\/div>\n\t\t\t\t<div class=\"elementor-element elementor-element-5a00e8b elementor-widget elementor-widget-text-editor\" data-id=\"5a00e8b\" data-element_type=\"widget\" data-widget_type=\"text-editor.default\">\n\t\t\t\t<div class=\"elementor-widget-container\">\n\t\t\t\t\t\t\t\t\t<p>King Soopers (through its partner company The Kroeger Co.) sends up to $2,500,000 quarterly to participating organizations and up to $10,000,000 annually. The amount a church receives is based on how much is spent and depends on the amount spent by members of all participating organizations. The more church members we have, the more money the church receives.<\/p><p><br \/>Cum \u00eel folosi\u021bi:<\/p><p>1. Merge\u021bi la adresa <a href=\"https:\/\/www.kingsoopers.com\/\" target=\"_blank\" rel=\"noopener\">kingsoopers.com<\/a> \u0219i loga\u021bi-v\u0103 la contul dumneavoastr\u0103 de KingSoopers prin \u201dSign In\u201d (sau crea\u021bi un cont dac\u0103 nu ave\u021bi prin \u201cCreate Account\u201d).<\/p><p>2. Din meniul \u201cMy Account\u201d, selecta\u021bi \u201cCommunity Rewards\u201d, sau accesa\u021bi link-ul <a href=\"https:\/\/www.kingsoopers.com\/signin?redirectUrl=\/account\/communityrewards\" target=\"_blank\" rel=\"noopener\">KingSoopers Community Rewards<\/a>.<\/p><p>3. C\u0103uta\u021bi \u201cSaint Dimitrie the New\u201d (sau introduce\u021bi codul RF678), selecta\u021bi \u201cEnroll\u201d \u0219i pute\u021bi \u00eencepe cump\u0103r\u0103turile.<\/p><p>4. Trebuie s\u0103 ad\u0103uga\u021bi \u201dSaint Dimitrie the New\u201d doar o singur\u0103 dat\u0103 la contul dumneavoastr\u0103 \u0219i s\u0103 folosi\u021bi cardul KingSoopers conectat la cont atunci c\u00e2nd cump\u0103ra\u021bi din magazin.<\/p><p>5. Pentru a folosi aceast\u0103 platform\u0103 pe telefon, instala\u021bi aplica\u021bia KingSoopers, acces\u00e2nd link-ul <a href=\"https:\/\/www.kingsoopers.com\/i\/ways-to-shop\/mobile-app\" target=\"_blank\" rel=\"noopener\">KingSoopers App<\/a>, loga\u021bi-v\u0103 la contul dumneavoastr\u0103 (sau crea\u021bi un cont dac\u0103 nu ave\u021bi), iar in meniul \u201dRewards\u201d -&gt; \u201dCommunity Rewards\u201d introduce\u021bi codul RF678.<\/p><p>\u00a0<\/p><p>Mai multe detalii despre acest program g\u0103si\u021bi aici: <a href=\"https:\/\/www.kingsoopers.com\/i\/community\/community-rewards\" target=\"_blank\" rel=\"noopener\">About KingSoopers Community Rewards<\/a><\/p>\t\t\t\t\t\t\t\t<\/div>\n\t\t\t\t<\/div>\n\t\t\t\t<div class=\"elementor-element elementor-element-b837820 elementor-widget elementor-widget-heading\" data-id=\"b837820\" data-element_type=\"widget\" id=\"ShopWithScrip\" data-widget_type=\"heading.default\">\n\t\t\t\t<div class=\"elementor-widget-container\">\n\t\t\t\t\t<h4 class=\"elementor-heading-title elementor-size-default\">RaiseRight<\/h4>\t\t\t\t<\/div>\n\t\t\t\t<\/div>\n\t\t\t\t<div class=\"elementor-element elementor-element-9d364a0 elementor-widget elementor-widget-text-editor\" data-id=\"9d364a0\" data-element_type=\"widget\" data-widget_type=\"text-editor.default\">\n\t\t\t\t<div class=\"elementor-widget-container\">\n\t\t\t\t\t\t\t\t\t<p>Este un website prin care pute\u021bi cump\u0103ra Gift Card-uri dintr-o list\u0103 de sute de magazine \u0219i restaurante (numite si m\u0103rci). Atunci c\u00e2nd cump\u0103ra\u021bi carduri prin ShopWithScript, dumneavoastr\u0103 primi\u021bi suma cardului \u00een \u00eentregime iar procentul oferit de marca respectiv\u0103 se doneaz\u0103 bisericii prin ShopWithScript. Cardurile nu expir\u0103 \u0219i se pot folosi oric\u00e2nd. Este un mod nou de a face cump\u0103r\u0103turi la magazin sau pe internet cu Gift Card, \u00een loc de a folosi un card obi\u0219nuit de credit. Acest program l-am implementat \u00een 2021.<\/p><p>Cum \u00eel folosi\u021bi:<\/p><p>1. Merge\u021bi la adresa <a href=\"https:\/\/shop.shopwithscrip.com\/Login\/Enroll\" target=\"_blank\" rel=\"noopener\">Enroll ShopWithScrip<\/a>, introduce\u021bi codul 171LAB8676459 \u0219i selecta\u021bi \u201cRegister\u201d.<\/p><p>2. Introduce\u021bi datele, crea\u021bi un cont \u0219i pute\u021bi c\u0103uta cardurile care v\u0103 intereseaz\u0103. O list\u0103 cu m\u0103rcile disponibile o g\u0103si\u021bi aici: <a href=\"https:\/\/shop.shopwithscrip.com\/Shop\/Product\/BrandAlphabeticalList\" target=\"_blank\" rel=\"noopener\">Retailer List<\/a>.<\/p><p>3. Pentru a folosi aceast\u0103 platform\u0103 pe telefon, instala\u021bi aplica\u021bia RaiseRight (by ShopWithScript), acces\u00e2nd link-ul <a href=\"https:\/\/shop.shopwithscrip.com\/Support\/shop-earn\" target=\"_blank\" rel=\"noopener\">RaiseRight App<\/a>, loga\u021bi-v\u0103 la contul dumneavoastr\u0103 prin \u201eSign In\u201d, sau crea\u021bi un cont prin \u201dJoin a Program\u201d \u0219i introduce\u021bi codul 171LAB8676459.<\/p><p>Acest program este complex \u0219i pute\u021bi afla mai multe detalii aici: <a href=\"https:\/\/www.shopwithscrip.com\/\" target=\"_blank\" rel=\"noopener\">About Gift Card Fundraising<\/a><\/p>\t\t\t\t\t\t\t\t<\/div>\n\t\t\t\t<\/div>\n\t\t\t\t<div class=\"elementor-element elementor-element-4a381f2 elementor-widget elementor-widget-text-editor\" data-id=\"4a381f2\" data-element_type=\"widget\" data-widget_type=\"text-editor.default\">\n\t\t\t\t<div class=\"elementor-widget-container\">\n\t\t\t\t\t\t\t\t\t<p>We appreciate your help and may God bless you!<br \/>Pentru orice intrebare va rugam sa ne <a href=\"http:\/\/sfdimitrie.org\/en\/contact\/\">contactati<\/a>.<\/p>\t\t\t\t\t\t\t\t<\/div>\n\t\t\t\t<\/div>\n\t\t\t\t<div class=\"elementor-element elementor-element-f72577e elementor-widget__width-initial elementor-absolute elementor-hidden-tablet elementor-hidden-phone elementor-view-default elementor-position-top elementor-mobile-position-top elementor-widget elementor-widget-icon-box\" data-id=\"f72577e\" data-element_type=\"widget\" data-settings=\"{&quot;_position&quot;:&quot;absolute&quot;}\" data-widget_type=\"icon-box.default\">\n\t\t\t\t<div class=\"elementor-widget-container\">\n\t\t\t\t\t\t\t<div class=\"elementor-icon-box-wrapper\">\n\n\t\t\t\t\t\t<div class=\"elementor-icon-box-icon\">\n\t\t\t\t<a href=\"http:\/\/sfdimitrie.org\/en\/donatii\/\" class=\"elementor-icon\" tabindex=\"-1\" aria-label=\"Get Involved\">\n\t\t\t\t<i aria-hidden=\"true\" class=\"fas fa-hand-holding-heart\"><\/i>\t\t\t\t<\/a>\n\t\t\t<\/div>\n\t\t\t\n\t\t\t\t\t\t<div class=\"elementor-icon-box-content\">\n\n\t\t\t\t\t\t\t\t\t<h3 class=\"elementor-icon-box-title\">\n\t\t\t\t\t\t<a href=\"http:\/\/sfdimitrie.org\/en\/donatii\/\" >\n\t\t\t\t\t\t\tGet Involved\t\t\t\t\t\t<\/a>\n\t\t\t\t\t<\/h3>\n\t\t\t\t\n\t\t\t\t\n\t\t\t<\/div>\n\t\t\t\n\t\t<\/div>\n\t\t\t\t\t\t<\/div>\n\t\t\t\t<\/div>\n\t\t\t\t\t<\/div>\n\t\t<\/div>\n\t\t\t\t<div class=\"elementor-column elementor-col-33 elementor-top-column elementor-element elementor-element-59eb36e\" data-id=\"59eb36e\" data-element_type=\"column\" data-settings=\"{&quot;background_background&quot;:&quot;classic&quot;}\">\n\t\t\t<div class=\"elementor-widget-wrap elementor-element-populated\">\n\t\t\t\t\t\t<div class=\"elementor-element elementor-element-5d53c25 elementor-widget elementor-widget-heading\" data-id=\"5d53c25\" data-element_type=\"widget\" data-widget_type=\"heading.default\">\n\t\t\t\t<div class=\"elementor-widget-container\">\n\t\t\t\t\t<h2 class=\"elementor-heading-title elementor-size-large\">Important News<\/h2>\t\t\t\t<\/div>\n\t\t\t\t<\/div>\n\t\t\t\t<div class=\"elementor-element elementor-element-ff12f48 elementor-grid-1 elementor-posts--thumbnail-left elementor-posts--align-left elementor-grid-tablet-2 elementor-grid-mobile-1 elementor-widget elementor-widget-posts\" data-id=\"ff12f48\" data-element_type=\"widget\" data-settings=\"{&quot;classic_columns&quot;:&quot;1&quot;,&quot;pagination_type&quot;:&quot;numbers_and_prev_next&quot;,&quot;classic_row_gap&quot;:{&quot;unit&quot;:&quot;px&quot;,&quot;size&quot;:50,&quot;sizes&quot;:[]},&quot;classic_columns_tablet&quot;:&quot;2&quot;,&quot;classic_columns_mobile&quot;:&quot;1&quot;,&quot;classic_row_gap_tablet&quot;:{&quot;unit&quot;:&quot;px&quot;,&quot;size&quot;:&quot;&quot;,&quot;sizes&quot;:[]},&quot;classic_row_gap_mobile&quot;:{&quot;unit&quot;:&quot;px&quot;,&quot;size&quot;:&quot;&quot;,&quot;sizes&quot;:[]}}\" data-widget_type=\"posts.classic\">\n\t\t\t\t<div class=\"elementor-widget-container\">\n\t\t\t\t\t\t\t<div class=\"elementor-posts-container elementor-posts elementor-posts--skin-classic elementor-grid\" role=\"list\">\n\t\t\t\t<article class=\"elementor-post elementor-grid-item post-1793 post type-post status-publish format-standard hentry category-stiri\" role=\"listitem\">\n\t\t\t\t<div class=\"elementor-post__text\">\n\t\t\t\t<h3 class=\"elementor-post__title\">\n\t\t\t<a href=\"http:\/\/sfdimitrie.org\/en\/formularul-de-membrie-este-disponibil-si-online\/\" >\n\t\t\t\tThe membership form is available online\t\t\t<\/a>\n\t\t<\/h3>\n\t\t\t\t<div class=\"elementor-post__meta-data\">\n\t\t\t\t\t<span class=\"elementor-post-date\">\n\t\t\tMarch 31, 2021\t\t<\/span>\n\t\t\t\t<span class=\"elementor-post-avatar\">\n\t\t\tNo Comments\t\t<\/span>\n\t\t\t\t<\/div>\n\t\t\n\t\t<a class=\"elementor-post__read-more\" href=\"http:\/\/sfdimitrie.org\/en\/formularul-de-membrie-este-disponibil-si-online\/\" aria-label=\"Read more about Formularul de membrie este disponibil si online\" tabindex=\"-1\" >\n\t\t\tRead more\t\t<\/a>\n\n\t\t\t\t<\/div>\n\t\t\t\t<\/article>\n\t\t\t\t<\/div>\n\t\t\n\t\t\t\t\t\t<\/div>\n\t\t\t\t<\/div>\n\t\t\t\t\t<\/div>\n\t\t<\/div>\n\t\t\t\t\t<\/div>\n\t\t<\/section>\n\t\t\t\t<\/div>","protected":false},"excerpt":{"rendered":"<p>Donatii Mai jos puteti gasi modalitati de a sustine biserica noastra: Zelle (preferred) Stocks (preferred) KingSoopers Venmo Checks (inclusiv automat de la banca) Paypal RaiseRight<\/p>","protected":false},"author":1,"featured_media":0,"parent":0,"menu_order":0,"comment_status":"closed","ping_status":"closed","template":"elementor_header_footer","meta":{"_monsterinsights_skip_tracking":false,"_monsterinsights_sitenote_active":false,"_monsterinsights_sitenote_note":"","_monsterinsights_sitenote_category":0,"footnotes":""},"class_list":["post-52","page","type-page","status-publish","hentry"],"_links":{"self":[{"href":"http:\/\/sfdimitrie.org\/en\/wp-json\/wp\/v2\/pages\/52","targetHints":{"allow":["GET"]}}],"collection":[{"href":"http:\/\/sfdimitrie.org\/en\/wp-json\/wp\/v2\/pages"}],"about":[{"href":"http:\/\/sfdimitrie.org\/en\/wp-json\/wp\/v2\/types\/page"}],"author":[{"embeddable":true,"href":"http:\/\/sfdimitrie.org\/en\/wp-json\/wp\/v2\/users\/1"}],"replies":[{"embeddable":true,"href":"http:\/\/sfdimitrie.org\/en\/wp-json\/wp\/v2\/comments?post=52"}],"version-history":[{"count":66,"href":"http:\/\/sfdimitrie.org\/en\/wp-json\/wp\/v2\/pages\/52\/revisions"}],"predecessor-version":[{"id":2373,"href":"http:\/\/sfdimitrie.org\/en\/wp-json\/wp\/v2\/pages\/52\/revisions\/2373"}],"wp:attachment":[{"href":"http:\/\/sfdimitrie.org\/en\/wp-json\/wp\/v2\/media?parent=52"}],"curies":[{"name":"wp","href":"https:\/\/api.w.org\/{rel}","templated":true}]}}