{"id":22,"date":"2020-08-30T10:03:33","date_gmt":"2020-08-30T10:03:33","guid":{"rendered":"https:\/\/church.webdevproject.site\/?page_id=22"},"modified":"2024-10-04T03:24:46","modified_gmt":"2024-10-04T03:24:46","slug":"clerul","status":"publish","type":"page","link":"https:\/\/sfdimitrie.org\/en\/biserica-noastra\/clerul\/","title":{"rendered":"Our Clergy"},"content":{"rendered":"<div data-elementor-type=\"wp-page\" data-elementor-id=\"22\" class=\"elementor elementor-22\" data-elementor-post-type=\"page\">\n\t\t\t\t\t\t<section class=\"elementor-section elementor-top-section elementor-element elementor-element-0d83c5f elementor-section-full_width elementor-section-height-default elementor-section-height-default\" data-id=\"0d83c5f\" data-element_type=\"section\" data-settings=\"{&quot;background_background&quot;:&quot;classic&quot;}\">\n\t\t\t\t\t\t\t<div class=\"elementor-background-overlay\"><\/div>\n\t\t\t\t\t\t\t<div class=\"elementor-container elementor-column-gap-no\">\n\t\t\t\t\t<div class=\"elementor-column elementor-col-66 elementor-top-column elementor-element elementor-element-44ad975\" data-id=\"44ad975\" data-element_type=\"column\" data-settings=\"{&quot;background_background&quot;:&quot;classic&quot;}\">\n\t\t\t<div class=\"elementor-widget-wrap elementor-element-populated\">\n\t\t\t\t\t\t<div class=\"elementor-element elementor-element-c3f0e31 elementor-widget__width-initial elementor-absolute elementor-hidden-tablet elementor-hidden-phone elementor-widget elementor-widget-image\" data-id=\"c3f0e31\" data-element_type=\"widget\" data-settings=\"{&quot;_position&quot;:&quot;absolute&quot;}\" data-widget_type=\"image.default\">\n\t\t\t\t<div class=\"elementor-widget-container\">\n\t\t\t\t\t\t\t\t\t\t\t\t\t\t\t<img decoding=\"async\" width=\"133\" height=\"360\" src=\"http:\/\/sfdimitrie.org\/wp-content\/uploads\/2020\/09\/Saint_Mary-removebg-preview-e1601402286776.png\" class=\"attachment-full size-full wp-image-550\" alt=\"\" \/>\t\t\t\t\t\t\t\t\t\t\t\t\t\t\t<\/div>\n\t\t\t\t<\/div>\n\t\t\t\t<div class=\"elementor-element elementor-element-8156363 elementor-widget elementor-widget-heading\" data-id=\"8156363\" data-element_type=\"widget\" data-widget_type=\"heading.default\">\n\t\t\t\t<div class=\"elementor-widget-container\">\n\t\t\t\t\t<h4 class=\"elementor-heading-title elementor-size-default\">Our Clergy<\/h4>\t\t\t\t<\/div>\n\t\t\t\t<\/div>\n\t\t\t\t<section class=\"elementor-section elementor-inner-section elementor-element elementor-element-5dfa77c elementor-section-boxed elementor-section-height-default elementor-section-height-default\" data-id=\"5dfa77c\" data-element_type=\"section\">\n\t\t\t\t\t\t<div class=\"elementor-container elementor-column-gap-default\">\n\t\t\t\t\t<div class=\"elementor-column elementor-col-50 elementor-inner-column elementor-element elementor-element-2986806\" data-id=\"2986806\" data-element_type=\"column\">\n\t\t\t<div class=\"elementor-widget-wrap elementor-element-populated\">\n\t\t\t\t\t\t<div class=\"elementor-element elementor-element-ab407ce elementor-widget elementor-widget-text-editor\" data-id=\"ab407ce\" data-element_type=\"widget\" data-widget_type=\"text-editor.default\">\n\t\t\t\t<div class=\"elementor-widget-container\">\n\t\t\t\t\t\t\t\t\t<div class=\"main_info_text_for_few_pages\"><p class=\"translation-block\">Rev. <strong>Fr. Ioan Bogdan<\/strong>, was appointed parishioner priest at our mission, <strong>Saint Dimitrie the New, on September 2007<\/strong> by His Eminence Archbishop Nathaniel Popp.<\/p><p>He is a graduate of \"Andrei Saguna\" Theological Institute of Sibiu, Romania and has his Master in Theology from Saint Vladimir's Seminary, Crestwood, NY.<\/p><\/div>\t\t\t\t\t\t\t\t<\/div>\n\t\t\t\t<\/div>\n\t\t\t\t\t<\/div>\n\t\t<\/div>\n\t\t\t\t<div class=\"elementor-column elementor-col-50 elementor-inner-column elementor-element elementor-element-b39b018\" data-id=\"b39b018\" data-element_type=\"column\">\n\t\t\t<div class=\"elementor-widget-wrap elementor-element-populated\">\n\t\t\t\t\t\t<div class=\"elementor-element elementor-element-daaa237 elementor-widget elementor-widget-image\" data-id=\"daaa237\" data-element_type=\"widget\" data-widget_type=\"image.default\">\n\t\t\t\t<div class=\"elementor-widget-container\">\n\t\t\t\t\t\t\t\t\t\t\t\t\t\t\t<img fetchpriority=\"high\" decoding=\"async\" width=\"312\" height=\"461\" src=\"http:\/\/sfdimitrie.org\/wp-content\/uploads\/2020\/09\/Rev__Fr__Ioan_Bogdan.jpg\" class=\"attachment-full size-full wp-image-567\" alt=\"\" srcset=\"http:\/\/sfdimitrie.org\/wp-content\/uploads\/2020\/09\/Rev__Fr__Ioan_Bogdan.jpg 312w, http:\/\/sfdimitrie.org\/wp-content\/uploads\/2020\/09\/Rev__Fr__Ioan_Bogdan-203x300.jpg 203w\" sizes=\"(max-width: 312px) 100vw, 312px\" \/>\t\t\t\t\t\t\t\t\t\t\t\t\t\t\t<\/div>\n\t\t\t\t<\/div>\n\t\t\t\t\t<\/div>\n\t\t<\/div>\n\t\t\t\t\t<\/div>\n\t\t<\/section>\n\t\t\t\t<div class=\"elementor-element elementor-element-46b8567 elementor-widget elementor-widget-text-editor\" data-id=\"46b8567\" data-element_type=\"widget\" data-widget_type=\"text-editor.default\">\n\t\t\t\t<div class=\"elementor-widget-container\">\n\t\t\t\t\t\t\t\t\t<div class=\"main_info_text_for_few_pages\"><p>Fiu al Parintelui Iosif Bogdan si Preotesei Viorica din Brasov, Romania, a venit in Statele Unite ale Americii in aprilie 1997. A slujit mai multi ani la Catedrala Ortodoxa Romana \u201cSfanta Maria\u201d din Cleveland, OH, ca subdeacon, deacon si apoi, din 29 octombrie, 2006, ca preot auxiliar. Intre anii 2003-2005, a fost Director Executiv al Centrului Cultural &#8222;Saint Andrew&#8217;s House\u201d din Detroit, MI.<\/p><p>In Septembrie 2005 s-a casatorit cu Diana Klein. Impreuna au doi copii: Maria si Daniel.<\/p><\/div>\t\t\t\t\t\t\t\t<\/div>\n\t\t\t\t<\/div>\n\t\t\t\t<div class=\"elementor-element elementor-element-daa865c elementor-widget elementor-widget-text-editor\" data-id=\"daa865c\" data-element_type=\"widget\" data-widget_type=\"text-editor.default\">\n\t\t\t\t<div class=\"elementor-widget-container\">\n\t\t\t\t\t\t\t\t\t<div class=\"main_info_text_for_few_pages\"><p><strong>P\u0103rintele diacon Ilie G\u00e2sc\u0103<\/strong>, a fost hirotonot de c\u0103tre PS Andrei, Episcop de Cleveland \u00een Februarie 2024. De atunci sluje\u0219te al\u0103turi de P\u0103rintele Ioan la Biserica Sf. Dimitrie cel Nou din Frederick, CO.<\/p><p>Domnul Ilie G\u00e2sc\u0103, s-a n\u0103scut la 19 iunie 1997, \u00een Rep. Moldova, Jud. Dondu\u0219eni, sat T\u00eernova. Este c\u0103s\u0103torit cu Liubov Kushchenko, \u0219i are un copil cu numele Miriam Elyia.<\/p><p>Este absolvent al Seminarului Teologic Ortodox \u201eSf Ierarh Gavriil\u201d din Chi\u0219in\u0103u, Rep. Moldova.<\/p><p>\u00cen perioada 2016 &#8211; 2022 a activat ca \u0219i c\u00e2nt\u0103re\u021b \u00een cadrul parohiei \u201eSf. Mare Mucenic Dimitrie\u201d din Chi\u0219in\u0103u sau c\u00e2nt\u0103re\u021b, dirijor secund \u00een cadrul mitropoliei Basarabiei.<\/p><\/div>\t\t\t\t\t\t\t\t<\/div>\n\t\t\t\t<\/div>\n\t\t\t\t<div class=\"elementor-element elementor-element-fa64af4 elementor-widget__width-initial elementor-absolute elementor-hidden-tablet elementor-hidden-phone elementor-view-default elementor-position-top elementor-mobile-position-top elementor-widget elementor-widget-icon-box\" data-id=\"fa64af4\" data-element_type=\"widget\" data-settings=\"{&quot;_position&quot;:&quot;absolute&quot;}\" data-widget_type=\"icon-box.default\">\n\t\t\t\t<div class=\"elementor-widget-container\">\n\t\t\t\t\t\t\t<div class=\"elementor-icon-box-wrapper\">\n\n\t\t\t\t\t\t<div class=\"elementor-icon-box-icon\">\n\t\t\t\t<a href=\"https:\/\/sfdimitrie.org\/en\/donatii\/\" class=\"elementor-icon\" tabindex=\"-1\" aria-label=\"Get Involved\">\n\t\t\t\t<i aria-hidden=\"true\" class=\"fas fa-hand-holding-heart\"><\/i>\t\t\t\t<\/a>\n\t\t\t<\/div>\n\t\t\t\n\t\t\t\t\t\t<div class=\"elementor-icon-box-content\">\n\n\t\t\t\t\t\t\t\t\t<h3 class=\"elementor-icon-box-title\">\n\t\t\t\t\t\t<a href=\"https:\/\/sfdimitrie.org\/en\/donatii\/\" >\n\t\t\t\t\t\t\tGet Involved\t\t\t\t\t\t<\/a>\n\t\t\t\t\t<\/h3>\n\t\t\t\t\n\t\t\t\t\n\t\t\t<\/div>\n\t\t\t\n\t\t<\/div>\n\t\t\t\t\t\t<\/div>\n\t\t\t\t<\/div>\n\t\t\t\t\t<\/div>\n\t\t<\/div>\n\t\t\t\t<div class=\"elementor-column elementor-col-33 elementor-top-column elementor-element elementor-element-443712d\" data-id=\"443712d\" data-element_type=\"column\" data-settings=\"{&quot;background_background&quot;:&quot;classic&quot;}\">\n\t\t\t<div class=\"elementor-widget-wrap elementor-element-populated\">\n\t\t\t\t\t\t<div class=\"elementor-element elementor-element-32004fb elementor-widget elementor-widget-heading\" data-id=\"32004fb\" data-element_type=\"widget\" data-widget_type=\"heading.default\">\n\t\t\t\t<div class=\"elementor-widget-container\">\n\t\t\t\t\t<h2 class=\"elementor-heading-title elementor-size-large\">Important News<\/h2>\t\t\t\t<\/div>\n\t\t\t\t<\/div>\n\t\t\t\t<div class=\"elementor-element elementor-element-a0df36f elementor-grid-1 elementor-posts--thumbnail-left elementor-posts--align-left elementor-grid-tablet-2 elementor-grid-mobile-1 elementor-widget elementor-widget-posts\" data-id=\"a0df36f\" data-element_type=\"widget\" data-settings=\"{&quot;classic_columns&quot;:&quot;1&quot;,&quot;pagination_type&quot;:&quot;numbers_and_prev_next&quot;,&quot;classic_row_gap&quot;:{&quot;unit&quot;:&quot;px&quot;,&quot;size&quot;:50,&quot;sizes&quot;:[]},&quot;classic_columns_tablet&quot;:&quot;2&quot;,&quot;classic_columns_mobile&quot;:&quot;1&quot;,&quot;classic_row_gap_tablet&quot;:{&quot;unit&quot;:&quot;px&quot;,&quot;size&quot;:&quot;&quot;,&quot;sizes&quot;:[]},&quot;classic_row_gap_mobile&quot;:{&quot;unit&quot;:&quot;px&quot;,&quot;size&quot;:&quot;&quot;,&quot;sizes&quot;:[]}}\" data-widget_type=\"posts.classic\">\n\t\t\t\t<div class=\"elementor-widget-container\">\n\t\t\t\t\t\t\t<div class=\"elementor-posts-container elementor-posts elementor-posts--skin-classic elementor-grid\" role=\"list\">\n\t\t\t\t<article class=\"elementor-post elementor-grid-item post-1793 post type-post status-publish format-standard hentry category-stiri\" role=\"listitem\">\n\t\t\t\t<div class=\"elementor-post__text\">\n\t\t\t\t<h3 class=\"elementor-post__title\">\n\t\t\t<a href=\"https:\/\/sfdimitrie.org\/en\/formularul-de-membrie-este-disponibil-si-online\/\" >\n\t\t\t\tThe membership form is available online\t\t\t<\/a>\n\t\t<\/h3>\n\t\t\t\t<div class=\"elementor-post__meta-data\">\n\t\t\t\t\t<span class=\"elementor-post-date\">\n\t\t\tMarch 31, 2021\t\t<\/span>\n\t\t\t\t<span class=\"elementor-post-avatar\">\n\t\t\tNo Comments\t\t<\/span>\n\t\t\t\t<\/div>\n\t\t\n\t\t<a class=\"elementor-post__read-more\" href=\"https:\/\/sfdimitrie.org\/en\/formularul-de-membrie-este-disponibil-si-online\/\" aria-label=\"Read more about Formularul de membrie este disponibil si online\" tabindex=\"-1\" >\n\t\t\tRead more\t\t<\/a>\n\n\t\t\t\t<\/div>\n\t\t\t\t<\/article>\n\t\t\t\t<\/div>\n\t\t\n\t\t\t\t\t\t<\/div>\n\t\t\t\t<\/div>\n\t\t\t\t\t<\/div>\n\t\t<\/div>\n\t\t\t\t\t<\/div>\n\t\t<\/section>\n\t\t\t\t<\/div>","protected":false},"excerpt":{"rendered":"<p>Clerul nostru Parintele Ioan Bogdan, a fost numit preot al misiunii noastre, Sfantul Dimitrie cel Nou, in Septembrie 2007 de catre inalt Prea-Sfintia Sa Arhiepiscopul<\/p>","protected":false},"author":1,"featured_media":0,"parent":18,"menu_order":0,"comment_status":"closed","ping_status":"closed","template":"elementor_header_footer","meta":{"_monsterinsights_skip_tracking":false,"_monsterinsights_sitenote_active":false,"_monsterinsights_sitenote_note":"","_monsterinsights_sitenote_category":0,"footnotes":""},"class_list":["post-22","page","type-page","status-publish","hentry"],"_links":{"self":[{"href":"https:\/\/sfdimitrie.org\/en\/wp-json\/wp\/v2\/pages\/22","targetHints":{"allow":["GET"]}}],"collection":[{"href":"https:\/\/sfdimitrie.org\/en\/wp-json\/wp\/v2\/pages"}],"about":[{"href":"https:\/\/sfdimitrie.org\/en\/wp-json\/wp\/v2\/types\/page"}],"author":[{"embeddable":true,"href":"https:\/\/sfdimitrie.org\/en\/wp-json\/wp\/v2\/users\/1"}],"replies":[{"embeddable":true,"href":"https:\/\/sfdimitrie.org\/en\/wp-json\/wp\/v2\/comments?post=22"}],"version-history":[{"count":28,"href":"https:\/\/sfdimitrie.org\/en\/wp-json\/wp\/v2\/pages\/22\/revisions"}],"predecessor-version":[{"id":2208,"href":"https:\/\/sfdimitrie.org\/en\/wp-json\/wp\/v2\/pages\/22\/revisions\/2208"}],"up":[{"embeddable":true,"href":"https:\/\/sfdimitrie.org\/en\/wp-json\/wp\/v2\/pages\/18"}],"wp:attachment":[{"href":"https:\/\/sfdimitrie.org\/en\/wp-json\/wp\/v2\/media?parent=22"}],"curies":[{"name":"wp","href":"https:\/\/api.w.org\/{rel}","templated":true}]}}