{"id":48,"date":"2020-08-30T10:13:56","date_gmt":"2020-08-30T10:13:56","guid":{"rendered":"https:\/\/church.webdevproject.site\/?page_id=48"},"modified":"2022-02-03T16:51:27","modified_gmt":"2022-02-03T16:51:27","slug":"cenaclu","status":"publish","type":"page","link":"https:\/\/sfdimitrie.org\/en\/cenaclu\/","title":{"rendered":"Cultural Circle"},"content":{"rendered":"<div data-elementor-type=\"wp-page\" data-elementor-id=\"48\" class=\"elementor elementor-48\" data-elementor-post-type=\"page\">\n\t\t\t\t\t\t<section class=\"elementor-section elementor-top-section elementor-element elementor-element-0675c8a elementor-section-full_width elementor-section-height-default elementor-section-height-default\" data-id=\"0675c8a\" data-element_type=\"section\" data-settings=\"{&quot;background_background&quot;:&quot;classic&quot;}\">\n\t\t\t\t\t\t\t<div class=\"elementor-background-overlay\"><\/div>\n\t\t\t\t\t\t\t<div class=\"elementor-container elementor-column-gap-no\">\n\t\t\t\t\t<div class=\"elementor-column elementor-col-66 elementor-top-column elementor-element elementor-element-3ad59f6\" data-id=\"3ad59f6\" data-element_type=\"column\" data-settings=\"{&quot;background_background&quot;:&quot;classic&quot;}\">\n\t\t\t<div class=\"elementor-widget-wrap elementor-element-populated\">\n\t\t\t\t\t\t<div class=\"elementor-element elementor-element-8b8c676 elementor-widget__width-initial elementor-absolute elementor-hidden-tablet elementor-hidden-phone elementor-widget elementor-widget-image\" data-id=\"8b8c676\" data-element_type=\"widget\" data-settings=\"{&quot;_position&quot;:&quot;absolute&quot;}\" data-widget_type=\"image.default\">\n\t\t\t\t<div class=\"elementor-widget-container\">\n\t\t\t\t\t\t\t\t\t\t\t\t\t\t\t<img decoding=\"async\" width=\"133\" height=\"360\" src=\"http:\/\/sfdimitrie.org\/wp-content\/uploads\/2020\/09\/Saint_Mary-removebg-preview-e1601402286776.png\" class=\"attachment-full size-full wp-image-550\" alt=\"\" \/>\t\t\t\t\t\t\t\t\t\t\t\t\t\t\t<\/div>\n\t\t\t\t<\/div>\n\t\t\t\t<div class=\"elementor-element elementor-element-bd893fc elementor-widget elementor-widget-heading\" data-id=\"bd893fc\" data-element_type=\"widget\" data-widget_type=\"heading.default\">\n\t\t\t\t<div class=\"elementor-widget-container\">\n\t\t\t\t\t<h4 class=\"elementor-heading-title elementor-size-default\">Cenaclul literar Mircea Eliade<\/h4>\t\t\t\t<\/div>\n\t\t\t\t<\/div>\n\t\t\t\t<div class=\"elementor-element elementor-element-c7abea0 elementor-widget elementor-widget-text-editor\" data-id=\"c7abea0\" data-element_type=\"widget\" data-widget_type=\"text-editor.default\">\n\t\t\t\t<div class=\"elementor-widget-container\">\n\t\t\t\t\t\t\t\t\t<div class=\"t pg-1m0 pg-1x2 pg-1h3 pg-1y2 pg-1ff1 pg-1fs0 pg-1fc0 pg-1sc0 pg-1ls0 pg-1ws0\"><strong>Cronica unei reuniuni<\/strong><\/div><div class=\"t pg-1m0 pg-1x2 pg-1h3 pg-1y2 pg-1ff1 pg-1fs0 pg-1fc0 pg-1sc0 pg-1ls0 pg-1ws0\"><strong><br><\/strong><\/div>\n<div class=\"t pg-1m0 pg-1x2 pg-1h3 pg-1y2 pg-1ff1 pg-1fs0 pg-1fc0 pg-1sc0 pg-1ls0 pg-1ws0\">Anul 2020 a fost, f\u0103r\u0103 \u00eendoial\u0103, un an bizar \u00een care lumea s-a r\u0103sturnat, parc\u0103 ireal. Schimb\u0103rile care se produc cu o vitez\u0103 uluitoare au fost intens accelerate de pandemie, virusul provoc\u00e2nd o incertitudine dur\u0103. Peste tot \u00een lume cultura este \u00een corzi, \u00eenchis\u0103 \u00een cas\u0103. Con\u0219tien\u021bi c\u0103 dac\u0103 r\u0103m\u00e2nem captivi inactivit\u0103\u021bii ne autocondamn\u0103m, c\u0103ut\u0103m s\u0103 ne adapt\u0103m, s\u0103 ie\u0219im din iner\u021biile tipice comodit\u0103\u021bii noastre, s\u0103 fim solidari \u0219i dispu\u0219i \u00eencerc\u0103rilor. O provocare fericit\u0103 pe care am <br>adoptat-o este participarea de c\u00e2teva luni \u00eencoace la cenacluri literare online, gra\u021bie incontestabilelor avantaje oferite de platforma Zoom.&#8217;<\/div>\n<div class=\"t pg-1m0 pg-1x2 pg-1h3 pg-1y2 pg-1ff1 pg-1fs0 pg-1fc0 pg-1sc0 pg-1ls0 pg-1ws0\">S\u00e2mb\u0103t\u0103, 5 decembrie 2020, s-a desf\u0103\u0219urat ultima reuniune din acest an a&#8217; Cenaclului \u201eMircea Eliade\u201d&#8217;de la Denver, Colorado. \u201ePerforman\u021b\u0103\u201d este cuv\u00e2ntul care caracterizeaz\u0103 cu adev\u0103rat func\u021bionarea grupului \u00eenchegat \u00een urm\u0103 cu aproape 10 ani. Consecven\u021bi ideii de a reuni participan\u021bi lega\u021bi prin afinit\u0103\u021bi estetice comune, concordante cu spiritul cenaclului, inimo\u0219ii s\u0103i organizatori depun toate diligen\u021bele pentru a r\u0103m\u00e2ne o grupare mereu vie, o stare de spirit. <br>Recenta reuniune a demonstrat cu prisosin\u021b\u0103 for\u021ba acestui cenaclu, capabil s\u0103 te elibereze din chingile iner\u021biei \u0219i s\u0103 te \u00eent\u0103reasc\u0103 \u00een fa\u021ba vulnerabilit\u0103\u021bii \u0219i fragilit\u0103\u021bii.<\/div>\n<div class=\"t pg-1m0 pg-1x2 pg-1h3 pg-1y2 pg-1ff1 pg-1fs0 pg-1fc0 pg-1sc0 pg-1ls0 pg-1ws0\">Privitor la tema reuniunii, formulat\u0103 incitant, dar \u0219i edificator, \u00een titlul afi\u0219ului, aceasta&#8217;a fost \u201eRugul Aprins\u201d, subiect de temelie pentru mai mul\u021bi ani ai \u00eent\u00e2lnirilor de la M\u0103n\u0103stirea Antim, dar \u0219i denumirea mi\u0219c\u0103rii isihaste la care s-au raliat personalit\u0103\u021bi de seam\u0103 ale vie\u021bii duhovnice\u0219ti \u0219i culturale din Rom\u00e2nia. Ast\u0103zi, c\u00e2nd nu a mai r\u0103mas dec\u00e2t amintirea faptelor ce s-au petrecut acolo \u0219i extrem de pu\u021bini dintre cei care luau parte la ele, fenomenul \u201eRugul Aprins\u201d, suscit\u0103 \u00eenc\u0103 interes, continu\u00e2nd s\u0103 fac\u0103 obiectul unor aprofundate studii, conferin\u021be \u0219i cercet\u0103ri istorice \u0219i teologice.<\/div>\t\t\t\t\t\t\t\t<\/div>\n\t\t\t\t<\/div>\n\t\t\t\t<div class=\"elementor-element elementor-element-0afca46 elementor-widget__width-initial elementor-absolute elementor-hidden-tablet elementor-hidden-phone elementor-view-default elementor-position-top elementor-mobile-position-top elementor-widget elementor-widget-icon-box\" data-id=\"0afca46\" data-element_type=\"widget\" data-settings=\"{&quot;_position&quot;:&quot;absolute&quot;}\" data-widget_type=\"icon-box.default\">\n\t\t\t\t<div class=\"elementor-widget-container\">\n\t\t\t\t\t\t\t<div class=\"elementor-icon-box-wrapper\">\n\n\t\t\t\t\t\t<div class=\"elementor-icon-box-icon\">\n\t\t\t\t<a href=\"https:\/\/sfdimitrie.org\/en\/donatii\/\" class=\"elementor-icon\" tabindex=\"-1\" aria-label=\"Get Involved\">\n\t\t\t\t<i aria-hidden=\"true\" class=\"fas fa-hand-holding-heart\"><\/i>\t\t\t\t<\/a>\n\t\t\t<\/div>\n\t\t\t\n\t\t\t\t\t\t<div class=\"elementor-icon-box-content\">\n\n\t\t\t\t\t\t\t\t\t<h3 class=\"elementor-icon-box-title\">\n\t\t\t\t\t\t<a href=\"https:\/\/sfdimitrie.org\/en\/donatii\/\" >\n\t\t\t\t\t\t\tGet Involved\t\t\t\t\t\t<\/a>\n\t\t\t\t\t<\/h3>\n\t\t\t\t\n\t\t\t\t\n\t\t\t<\/div>\n\t\t\t\n\t\t<\/div>\n\t\t\t\t\t\t<\/div>\n\t\t\t\t<\/div>\n\t\t\t\t\t<\/div>\n\t\t<\/div>\n\t\t\t\t<div class=\"elementor-column elementor-col-33 elementor-top-column elementor-element elementor-element-3262b54\" data-id=\"3262b54\" data-element_type=\"column\" data-settings=\"{&quot;background_background&quot;:&quot;classic&quot;}\">\n\t\t\t<div class=\"elementor-widget-wrap elementor-element-populated\">\n\t\t\t\t\t\t<div class=\"elementor-element elementor-element-c851b3c elementor-nav-menu--dropdown-none elementor-widget elementor-widget-nav-menu\" data-id=\"c851b3c\" data-element_type=\"widget\" data-settings=\"{&quot;layout&quot;:&quot;vertical&quot;,&quot;submenu_icon&quot;:{&quot;value&quot;:&quot;&lt;i class=\\&quot;fas fa-caret-down\\&quot;&gt;&lt;\\\/i&gt;&quot;,&quot;library&quot;:&quot;fa-solid&quot;}}\" data-widget_type=\"nav-menu.default\">\n\t\t\t\t<div class=\"elementor-widget-container\">\n\t\t\t\t\t\t\t\t<nav aria-label=\"Menu\" class=\"elementor-nav-menu--main elementor-nav-menu__container elementor-nav-menu--layout-vertical e--pointer-text e--animation-none\">\n\t\t\t\t<ul id=\"menu-1-c851b3c\" class=\"elementor-nav-menu sm-vertical\"><li class=\"menu-item menu-item-type-post_type menu-item-object-page menu-item-1611\"><a href=\"https:\/\/sfdimitrie.org\/en\/cenaclu\/despre\/\" class=\"elementor-item\">About us<\/a><\/li>\n<li class=\"menu-item menu-item-type-post_type menu-item-object-page menu-item-1610\"><a href=\"https:\/\/sfdimitrie.org\/en\/cenaclu\/consiliu-de-administratie\/\" class=\"elementor-item\">Board of directors<\/a><\/li>\n<li class=\"menu-item menu-item-type-post_type menu-item-object-page menu-item-1609\"><a href=\"https:\/\/sfdimitrie.org\/en\/cenaclu\/inregistrari\/\" class=\"elementor-item\">Recordings<\/a><\/li>\n<li class=\"menu-item menu-item-type-post_type menu-item-object-page menu-item-1734\"><a href=\"https:\/\/sfdimitrie.org\/en\/subiectele-si-datele-urmatoarelor-editii\/\" class=\"elementor-item\">Topics and dates for the next events<\/a><\/li>\n<li class=\"menu-item menu-item-type-post_type menu-item-object-page menu-item-1990\"><a href=\"https:\/\/sfdimitrie.org\/en\/articole\/\" class=\"elementor-item\">Articole<\/a><\/li>\n<\/ul>\t\t\t<\/nav>\n\t\t\t\t\t\t<nav class=\"elementor-nav-menu--dropdown elementor-nav-menu__container\" aria-hidden=\"true\">\n\t\t\t\t<ul id=\"menu-2-c851b3c\" class=\"elementor-nav-menu sm-vertical\"><li class=\"menu-item menu-item-type-post_type menu-item-object-page menu-item-1611\"><a href=\"https:\/\/sfdimitrie.org\/en\/cenaclu\/despre\/\" class=\"elementor-item\" tabindex=\"-1\">About us<\/a><\/li>\n<li class=\"menu-item menu-item-type-post_type menu-item-object-page menu-item-1610\"><a href=\"https:\/\/sfdimitrie.org\/en\/cenaclu\/consiliu-de-administratie\/\" class=\"elementor-item\" tabindex=\"-1\">Board of directors<\/a><\/li>\n<li class=\"menu-item menu-item-type-post_type menu-item-object-page menu-item-1609\"><a href=\"https:\/\/sfdimitrie.org\/en\/cenaclu\/inregistrari\/\" class=\"elementor-item\" tabindex=\"-1\">Recordings<\/a><\/li>\n<li class=\"menu-item menu-item-type-post_type menu-item-object-page menu-item-1734\"><a href=\"https:\/\/sfdimitrie.org\/en\/subiectele-si-datele-urmatoarelor-editii\/\" class=\"elementor-item\" tabindex=\"-1\">Topics and dates for the next events<\/a><\/li>\n<li class=\"menu-item menu-item-type-post_type menu-item-object-page menu-item-1990\"><a href=\"https:\/\/sfdimitrie.org\/en\/articole\/\" class=\"elementor-item\" tabindex=\"-1\">Articole<\/a><\/li>\n<\/ul>\t\t\t<\/nav>\n\t\t\t\t\t\t<\/div>\n\t\t\t\t<\/div>\n\t\t\t\t\t<\/div>\n\t\t<\/div>\n\t\t\t\t\t<\/div>\n\t\t<\/section>\n\t\t\t\t<\/div>","protected":false},"excerpt":{"rendered":"<p>Cenaclul literar Mircea Eliade Cronica unei reuniuni Anul 2020 a fost, f\u0103r\u0103 \u00eendoial\u0103, un an bizar \u00een care lumea s-a r\u0103sturnat, parc\u0103 ireal. Schimb\u0103rile care se produc cu o vitez\u0103 uluitoare au fost intens accelerate de pandemie, virusul provoc\u00e2nd o incertitudine dur\u0103. Peste tot \u00een lume cultura este \u00een corzi, \u00eenchis\u0103 \u00een cas\u0103. Con\u0219tien\u021bi c\u0103 [&hellip;]<\/p>","protected":false},"author":1,"featured_media":0,"parent":0,"menu_order":0,"comment_status":"closed","ping_status":"closed","template":"elementor_header_footer","meta":{"_monsterinsights_skip_tracking":false,"_monsterinsights_sitenote_active":false,"_monsterinsights_sitenote_note":"","_monsterinsights_sitenote_category":0,"footnotes":""},"class_list":["post-48","page","type-page","status-publish","hentry"],"_links":{"self":[{"href":"https:\/\/sfdimitrie.org\/en\/wp-json\/wp\/v2\/pages\/48","targetHints":{"allow":["GET"]}}],"collection":[{"href":"https:\/\/sfdimitrie.org\/en\/wp-json\/wp\/v2\/pages"}],"about":[{"href":"https:\/\/sfdimitrie.org\/en\/wp-json\/wp\/v2\/types\/page"}],"author":[{"embeddable":true,"href":"https:\/\/sfdimitrie.org\/en\/wp-json\/wp\/v2\/users\/1"}],"replies":[{"embeddable":true,"href":"https:\/\/sfdimitrie.org\/en\/wp-json\/wp\/v2\/comments?post=48"}],"version-history":[{"count":25,"href":"https:\/\/sfdimitrie.org\/en\/wp-json\/wp\/v2\/pages\/48\/revisions"}],"predecessor-version":[{"id":1705,"href":"https:\/\/sfdimitrie.org\/en\/wp-json\/wp\/v2\/pages\/48\/revisions\/1705"}],"wp:attachment":[{"href":"https:\/\/sfdimitrie.org\/en\/wp-json\/wp\/v2\/media?parent=48"}],"curies":[{"name":"wp","href":"https:\/\/api.w.org\/{rel}","templated":true}]}}